{"id":18,"date":"2015-12-23T12:02:53","date_gmt":"2015-12-23T12:02:53","guid":{"rendered":"http:\/\/localhost\/wp-corse\/?page_id=18"},"modified":"2016-04-20T08:47:28","modified_gmt":"2016-04-20T08:47:28","slug":"itineraires","status":"publish","type":"page","link":"https:\/\/corse-romane.eu\/corse-romane-preview2018\/itineraires\/","title":{"rendered":"Itin\u00e9raires"},"content":{"rendered":"<p>L\u2019acc\u00e8s aux chapelles est tr\u00e8s divers\u00a0: faciles \u00e0 trouver au bord d\u2019une route ou accessibles seulement aux marcheurs, tout existe et il y a toujours une chapelle pr\u00e8s de chez vous.<br class=\"manualbr\" \/>Tr\u00e8s souvent une pr\u00e9paration sera n\u00e9cessaire, surtout pour avoir la cl\u00e9 donnant acc\u00e8s \u00e0 l\u2019int\u00e9rieur.<br class=\"manualbr\" \/>Nous essayons de donner pour chaque chapelle un maximum de renseignements pratiques &#8211; y compris la g\u00e9olocalisation Google et GPS &#8211; et pr\u00e9parons la mise en ligne d\u2019 itin\u00e9raires.<br class=\"manualbr\" \/>Un site \u00e0 visiter pour tous les amateurs \u00a0: celui de <a href=\"http:\/\/elizabethpardon.hautetfort.com\" target=\"_blank\"><i>\u00ab\u00a0elizabeth.pardon.hautefort.com\u00a0\u00bb<\/i> <\/a> le blog d\u2019 Elisabeth Pardon qui y commente l\u2019actualit\u00e9 corse et plus particuli\u00e8rement celle en lien avec le patrimoine culturel . <br class=\"manualbr\" \/>On y trouvera une rubrique sur les circuits d\u2019une journ\u00e9e ( en Balagne et environs ) de d\u00e9couverte des orgues baroques et de leurs \u00e9glises.<br class=\"autobr\" \/> Dans ces circuits, l\u2019 histoire de la Corse et le contexte culturel sont toujours pr\u00e9sents et lorsque l\u2019 itin\u00e9raire s\u2019y pr\u00eate les chapelles romanes sont \u00e9galement abord\u00e9es.<\/p>\n<div id=\"itlien\"><\/div>\n<div id=\"itfin\">\n<h5>A bient\u00f4t pour plus de renseignements<\/h5>\n<\/div>\n","protected":false},"excerpt":{"rendered":"<p>L\u2019acc\u00e8s aux chapelles est tr\u00e8s divers\u00a0: faciles \u00e0 trouver au bord d\u2019une route ou accessibles seulement aux marcheurs, tout existe et il y a toujours une chapelle pr\u00e8s de chez vous.Tr\u00e8s souvent une pr\u00e9paration sera n\u00e9cessaire, surtout pour avoir la cl\u00e9 donnant acc\u00e8s \u00e0 l\u2019int\u00e9rieur.Nous essayons de donner pour chaque chapelle un maximum de renseignements [&hellip;]<\/p>\n","protected":false},"author":1,"featured_media":0,"parent":0,"menu_order":0,"comment_status":"closed","ping_status":"closed","template":"itineraires.php","meta":{"footnotes":""},"class_list":["post-18","page","type-page","status-publish","hentry"],"_links":{"self":[{"href":"https:\/\/corse-romane.eu\/corse-romane-preview2018\/wp-json\/wp\/v2\/pages\/18","targetHints":{"allow":["GET"]}}],"collection":[{"href":"https:\/\/corse-romane.eu\/corse-romane-preview2018\/wp-json\/wp\/v2\/pages"}],"about":[{"href":"https:\/\/corse-romane.eu\/corse-romane-preview2018\/wp-json\/wp\/v2\/types\/page"}],"author":[{"embeddable":true,"href":"https:\/\/corse-romane.eu\/corse-romane-preview2018\/wp-json\/wp\/v2\/users\/1"}],"replies":[{"embeddable":true,"href":"https:\/\/corse-romane.eu\/corse-romane-preview2018\/wp-json\/wp\/v2\/comments?post=18"}],"version-history":[{"count":3,"href":"https:\/\/corse-romane.eu\/corse-romane-preview2018\/wp-json\/wp\/v2\/pages\/18\/revisions"}],"predecessor-version":[{"id":8804,"href":"https:\/\/corse-romane.eu\/corse-romane-preview2018\/wp-json\/wp\/v2\/pages\/18\/revisions\/8804"}],"wp:attachment":[{"href":"https:\/\/corse-romane.eu\/corse-romane-preview2018\/wp-json\/wp\/v2\/media?parent=18"}],"curies":[{"name":"wp","href":"https:\/\/api.w.org\/{rel}","templated":true}]}}