{"id":28,"date":"2015-12-23T12:04:00","date_gmt":"2015-12-23T12:04:00","guid":{"rendered":"http:\/\/localhost\/wp-corse\/?page_id=28"},"modified":"2017-03-15T18:07:35","modified_gmt":"2017-03-15T18:07:35","slug":"liens","status":"publish","type":"page","link":"https:\/\/corse-romane.eu\/corse-romane-preview2018\/liens\/","title":{"rendered":"Liens"},"content":{"rendered":"<h4>Associations r\u00e9gionales<\/h4>\n<ul>\n<li><span style=\"color: #ff9900;\"><a style=\"color: #ff9900;\" href=\"http:\/\/www.association-asco.fr\" target=\"_blank\">ASCO<\/a><\/span>\u00a0\u00a0 L\u2019Association pour la Sauvegarde des hauts Lieux de l\u2019Histoire de Corse (ASCO) se consacre \u00e0 la sauvegarde du patrimoine b\u00e2ti de la Corse et en particulier des chapelles romanes. Elle pr\u00e9sente sur son site une vingtaine de chapelles sur lesquelles une action a \u00e9t\u00e9 entreprise avec sa participation, ses projets ainsi qu&rsquo;une invitation \u00e0 soutenir son action.<\/li>\n<li><span style=\"color: #ff9900;\"><a style=\"color: #ff9900;\" href=\"http:\/\/fagec.free.fr\" target=\"_blank\">FAGEC<\/a>\u00a0<\/span>\u00a0 F\u00e9d\u00e9ration des Associations et Groupements pour les Etudes Corses ( FAGEC ). Cr\u00e9\u00e9e en 1970, La Fagec regroupe une bonne dizaine d\u2019associations dont le but est l\u2019\u00e9tude et la valorisation du patrimoine insulaire ancien. Ces associations agissent dans des domaines vari\u00e9s\u00a0: sauvetage, consolidation et valorisation des \u00e9glises romanes, recherche en arch\u00e9ologie pr\u00e9historique, classique et m\u00e9di\u00e9vale, collecte des traditions et des l\u00e9gendes, recueil de la toponymie. Elle publie les Cahiers Corsica.<\/li>\n<li><span style=\"color: #ff9900;\"><a style=\"color: #ff9900;\" href=\"http:\/\/petrescritte.com\" target=\"_blank\">PETRE SCRITTE<\/a>\u00a0 <\/span>Petre Scritte, fond\u00e9e en 1989, a pour but de promouvoir la recherche historique dans le Cap Corse et d\u2019\u0153uvrer \u00e0 la protection de son patrimoine.<br \/>\nElle publie, trois fois par an, la revue \u00ab\u00a0A cronica\u00a0\u00bb , le journal de l\u2019histoire du Cap Corse et les catalogues \u00ab\u00a0Inventaire du Patrimoine\u00a0\u00bb (par commune). Elle organise \u00e9galement des visites guid\u00e9es, conf\u00e9rences, diaporamas\u2026.<\/li>\n<li><span style=\"color: #ff9900;\"><a style=\"color: #ff9900;\" href=\"http:\/\/www.lamontagnedesorgues.com\/\" target=\"_blank\">MONTAGNE DES ORGUES<\/a><\/span>\u00a0\u00a0 D&rsquo;avril \u00e0 octobre La Montagne des Orgues organise des parcours de d\u00e9couverte pour aller \u00e0 la rencontre du patrimoine humain, identitaire et artistique de la Haute-Corse, parcours agr\u00e9ment\u00e9s d&rsquo;interm\u00e8des musicaux &#8230; gr\u00e2ce aux cl\u00e9s donnant acc\u00e8s aux orgues baroques et aux chapelles romanes \u00e0 fresques! Le site donne \u00e9galement acc\u00e8s au blog d&rsquo; Elisabeth Pardon ( voir ci-dessous).<\/li>\n<\/ul>\n<h4>Associations locales, blogs et sites internet<\/h4>\n<ul>\n<li><span style=\"color: #ff6600;\"><span style=\"color: #ff9900;\"><a style=\"color: #ff9900;\" href=\"http:\/\/elizabethpardon.hautetfort.com\" target=\"_blank\">Elizabeth PARDON<\/a><\/span><\/span>\u00a0 Observatrice et chercheuse infatigable, Elizabeth Pardon\u00a0 tient un blog reprenant des informations d\u2019actualit\u00e9s \u00e0 caract\u00e8re majoritairement patrimonial et artistique et donnant des articles sur des th\u00e9matiques culturelles et artistiques.<\/li>\n<li><span style=\"color: #ff9900;\"><a style=\"color: #ff9900;\" href=\"http:\/\/romanes.com\" target=\"_blank\">ROMANES<\/a>\u00a0<\/span> Site couvrant de nombreux aspect de l&rsquo;art m\u00e9di\u00e9val religieux et comportant un chapitre d\u00e9di\u00e9 \u00e0 une centaine de sites romans en Corse ( historique, lexique, photos et g\u00e9n\u00e9ralement acc\u00e8s ).<\/li>\n<li><span style=\"color: #ff9900;\"><a style=\"color: #ff9900;\" href=\"http:\/\/verges.jeanmarie.free.fr\" target=\"_blank\">MA CORSE<\/a><\/span>\u00a0 Site \u00ab\u00a0Ma Corse\u00a0\u00bb r\u00e9alis\u00e9 par un passionn\u00e9 et pr\u00e9sentant une galerie de photos sur le patrimoine corse. En ce qui concerne les chapelles romanes, pr\u00e8s de 70 \u00e9difices r\u00e9partis sur toute la corse sont illustr\u00e9s sur fond musical.<\/li>\n<li><span style=\"color: #ff9900;\"><a style=\"color: #ff9900;\" href=\"http:\/\/valle-di-campoloro-chapelle-sainte-christine.over-blog.com\" target=\"_blank\">VALLE DI CAMPOLORO<\/a><\/span>\u00a0 Blog des Amis de la chapelle Sainte Christine fournissant des donn\u00e9es historiques et descriptives ainsi qu\u2019un calendrier d\u2019\u00e9v\u00e9nements<\/li>\n<li><span style=\"color: #ff9900;\"><a style=\"color: #ff9900;\" href=\"http:\/\/poggiolo.over-blog.fr\" target=\"_blank\">POGGIOLO <\/a><\/span>Blog des Poggiolais : informations tr\u00e8s vari\u00e9es sur la vie de la r\u00e9gion, y compris les actualit\u00e9s et les informations concernant les sites culturels.<\/li>\n<\/ul>\n<h4>Institutions officielles<\/h4>\n<ul>\n<li><span style=\"color: #ff9900;\"><a style=\"color: #ff9900;\" href=\"http:\/\/www.inrap.fr\/\" target=\"_blank\">INRAP<\/a><\/span> Institut National de Recherche Arch\u00e9ologique Pr\u00e9ventive<br \/>\nL&rsquo;institut assure la d\u00e9tection et l&rsquo;\u00e9tude du patrimoine arch\u00e9ologique touch\u00e9 par les travaux d&rsquo;am\u00e9nagement du territoire. Il exploite et diffuse les r\u00e9sultats de ses recherches aupr\u00e8s de la communaut\u00e9 scientifique et concourt \u00e0 l&rsquo;enseignement, \u00e0 la diffusion culturelle et \u00e0 la valorisation de l&rsquo;arch\u00e9ologie aupr\u00e8s du public. L\u2019Inrap r\u00e9alise aussi des diagnostics \u00e0 la demande des diff\u00e9rentes instances locales. Voir \u00e0 M\u00e9diath\u00e8que et \u00e0 iconoth\u00e8que r\u00e9gion\u00a0: Corse<\/li>\n<li><span style=\"color: #ff6600;\"><span style=\"color: #ff9900;\"><a style=\"color: #ff9900;\" href=\"http:\/\/www.culture.gouv.fr\/culture\/inventai\/patrimoine\/\" target=\"_blank\">BASE MERIMEE<\/a><\/span>\u00a0<\/span>Riche d&rsquo;environ 180\u00a0000 notices, la base <strong>Architecture-M\u00e9rim\u00e9e<\/strong> recense le <strong>patrimoine monumental fran\u00e7ais <\/strong>dans toute sa diversit\u00e9 : architecture religieuse, domestique, agricole, scolaire, militaire et industrielle. Elle est mise \u00e0 jour p\u00e9riodiquement.<br \/>\nVoir \u00e0 <em>Architecture<\/em>, puis <em>Recherche experte<\/em>, puis introduire le nom du village.<\/li>\n<li><span style=\"color: #ff9900;\"><a style=\"color: #ff9900;\" href=\"http:\/\/m3c.univ-corse.fr\/omeka\/accueil\" target=\"_blank\">M3C\u00a0<\/a><\/span> La M\u00e9diath\u00e8que culturelle de la Corse et des Corses\u00a0 ( M3C ) se d\u00e9finit avant tout comme un service multim\u00e9dia de visualisation et d\u2019aide \u00e0 l\u2019analyse des ph\u00e9nom\u00e8nes culturels. Elle inclut une banque g\u00e9n\u00e9rale de donn\u00e9es qui valorise la caract\u00e9risation territoriale et les donn\u00e9es capitalis\u00e9es par le biais d\u2019une approche interdisciplinaire.<br \/>\nVoir\u00a0: Inventaire pr\u00e9liminaire du patrimoine de la Corse (b\u00e2ti) sur la base de territoires pertinents (micro-r\u00e9gions de la Corse)<br \/>\nL\u2019objectif de ce projet consiste \u00e0 r\u00e9aliser l\u2019inventaire pr\u00e9liminaire du patrimoine de la Corse (b\u00e2ti) sur la base de territoires pertinents<br \/>\nVoir : les contenus sur la base de territoires pertinents (micro-r\u00e9gions de la Corse)<\/li>\n<\/ul>\n","protected":false},"excerpt":{"rendered":"<p>Associations r\u00e9gionales ASCO\u00a0\u00a0 L\u2019Association pour la Sauvegarde des hauts Lieux de l\u2019Histoire de Corse (ASCO) se consacre \u00e0 la sauvegarde du patrimoine b\u00e2ti de la Corse et en particulier des chapelles romanes. Elle pr\u00e9sente sur son site une vingtaine de chapelles sur lesquelles une action a \u00e9t\u00e9 entreprise avec sa participation, ses projets ainsi qu&rsquo;une [&hellip;]<\/p>\n","protected":false},"author":1,"featured_media":0,"parent":0,"menu_order":0,"comment_status":"closed","ping_status":"closed","template":"liens.php","meta":{"footnotes":""},"class_list":["post-28","page","type-page","status-publish","hentry"],"_links":{"self":[{"href":"https:\/\/corse-romane.eu\/corse-romane-preview2018\/wp-json\/wp\/v2\/pages\/28","targetHints":{"allow":["GET"]}}],"collection":[{"href":"https:\/\/corse-romane.eu\/corse-romane-preview2018\/wp-json\/wp\/v2\/pages"}],"about":[{"href":"https:\/\/corse-romane.eu\/corse-romane-preview2018\/wp-json\/wp\/v2\/types\/page"}],"author":[{"embeddable":true,"href":"https:\/\/corse-romane.eu\/corse-romane-preview2018\/wp-json\/wp\/v2\/users\/1"}],"replies":[{"embeddable":true,"href":"https:\/\/corse-romane.eu\/corse-romane-preview2018\/wp-json\/wp\/v2\/comments?post=28"}],"version-history":[{"count":28,"href":"https:\/\/corse-romane.eu\/corse-romane-preview2018\/wp-json\/wp\/v2\/pages\/28\/revisions"}],"predecessor-version":[{"id":8879,"href":"https:\/\/corse-romane.eu\/corse-romane-preview2018\/wp-json\/wp\/v2\/pages\/28\/revisions\/8879"}],"wp:attachment":[{"href":"https:\/\/corse-romane.eu\/corse-romane-preview2018\/wp-json\/wp\/v2\/media?parent=28"}],"curies":[{"name":"wp","href":"https:\/\/api.w.org\/{rel}","templated":true}]}}