{"id":30,"date":"2015-12-23T12:04:10","date_gmt":"2015-12-23T12:04:10","guid":{"rendered":"http:\/\/localhost\/wp-corse\/?page_id=30"},"modified":"2019-04-05T15:27:35","modified_gmt":"2019-04-05T15:27:35","slug":"accueil","status":"publish","type":"page","link":"https:\/\/corse-romane.eu\/corse-romane-preview2018\/accueil\/","title":{"rendered":"Accueil"},"content":{"rendered":"<p>Soyez les bienvenus sur ce site consacr\u00e9 aux chapelles romanes corses et \u00e0 leur histoire.<br \/>\nNous vous souhaitons une agr\u00e9able visite du site, et vous remercions de nous communiquer vos remarques, suggestions ou informations \u00e9ventuelles.<\/p>\n<h5>Conditions d\u2019utilisation du site.<\/h5>\n<p>Ce site est r\u00e9dig\u00e9 au mieux de nos possibilit\u00e9s mais, malgr\u00e9 tous nos soins, nous ne pouvons accepter aucune responsabilit\u00e9 directe ou indirecte du fait d\u2019erreurs, manquements ou omissions dans son contenu.<br class=\"manualbr\" \/>Toute reproduction des textes ou illustrations utilis\u00e9es dans le site est soumise \u00e0 l\u2019autorisation des auteurs.<\/p>\n","protected":false},"excerpt":{"rendered":"<p>Soyez les bienvenus sur ce site consacr\u00e9 aux chapelles romanes corses et \u00e0 leur histoire. Nous vous souhaitons une agr\u00e9able visite du site, et vous remercions de nous communiquer vos remarques, suggestions ou informations \u00e9ventuelles. Conditions d\u2019utilisation du site. Ce site est r\u00e9dig\u00e9 au mieux de nos possibilit\u00e9s mais, malgr\u00e9 tous nos soins, nous ne [&hellip;]<\/p>\n","protected":false},"author":1,"featured_media":0,"parent":0,"menu_order":0,"comment_status":"closed","ping_status":"closed","template":"","meta":{"footnotes":""},"class_list":["post-30","page","type-page","status-publish","hentry"],"_links":{"self":[{"href":"https:\/\/corse-romane.eu\/corse-romane-preview2018\/wp-json\/wp\/v2\/pages\/30","targetHints":{"allow":["GET"]}}],"collection":[{"href":"https:\/\/corse-romane.eu\/corse-romane-preview2018\/wp-json\/wp\/v2\/pages"}],"about":[{"href":"https:\/\/corse-romane.eu\/corse-romane-preview2018\/wp-json\/wp\/v2\/types\/page"}],"author":[{"embeddable":true,"href":"https:\/\/corse-romane.eu\/corse-romane-preview2018\/wp-json\/wp\/v2\/users\/1"}],"replies":[{"embeddable":true,"href":"https:\/\/corse-romane.eu\/corse-romane-preview2018\/wp-json\/wp\/v2\/comments?post=30"}],"version-history":[{"count":56,"href":"https:\/\/corse-romane.eu\/corse-romane-preview2018\/wp-json\/wp\/v2\/pages\/30\/revisions"}],"predecessor-version":[{"id":10012,"href":"https:\/\/corse-romane.eu\/corse-romane-preview2018\/wp-json\/wp\/v2\/pages\/30\/revisions\/10012"}],"wp:attachment":[{"href":"https:\/\/corse-romane.eu\/corse-romane-preview2018\/wp-json\/wp\/v2\/media?parent=30"}],"curies":[{"name":"wp","href":"https:\/\/api.w.org\/{rel}","templated":true}]}}