{"id":8,"date":"2015-12-23T12:01:24","date_gmt":"2015-12-23T12:01:24","guid":{"rendered":"http:\/\/localhost\/wp-corse\/?page_id=8"},"modified":"2016-10-12T14:00:55","modified_gmt":"2016-10-12T14:00:55","slug":"contact","status":"publish","type":"page","link":"https:\/\/corse-romane.eu\/corse-romane-preview2018\/contact\/","title":{"rendered":"Contact"},"content":{"rendered":"<h5>Qui sont les auteurs du site\u00a0?<\/h5>\n<p>Elle, Claudine Levie, est une arch\u00e9ologue et historienne de l\u2019art, elle a prospect\u00e9, fouill\u00e9, dirig\u00e9 un service \u00e9ducatif et exerc\u00e9 diverses fonctions dirigeantes dans un grand mus\u00e9e, elle s\u2019 occupe du contenu.<\/p>\n<p>Lui, Philippe Deltour, est un juriste de formation qui est tomb\u00e9 un jour dans l\u2019informatique et les r\u00e9seaux, il s\u2019occupe de la mise en ligne.<\/p>\n<p>Tous les deux sont passionn\u00e9s par la Corse, souhaitent mieux faire conna\u00eetre son patrimoine et esp\u00e8rent que vous y prendrez autant de plaisir qu\u2019eux.<\/p>\n<p>Ce site n\u2019existerait pas sans les \u00e9minents travaux de Madame Moracchini-Mazel qui a bien voulu nous encourager et nous autoriser \u00e0 puiser dans ses nombreuses publications, nous la remercions tr\u00e8s chaleureusement.<\/p>\n<p>Nous tenons \u00e9galement \u00e0 remercier tout aussi chaleureusement les maires de plusieurs communes, ainsi que les repr\u00e9sentants de nombreuses associations de conservation et de mise en valeur du patrimoine corse, qui nous ont aid\u00e9s dans nos recherches ou accompagn\u00e9s sur le terrain.<\/p>\n<p><img decoding=\"async\" class=\"img-responsive\" src=\"http:\/\/corse-romane.eu\/corse-romane-preview2018\/IMG\/jpg\/TrioW.jpg\" alt=\"auteurs du site\" \/><\/p>\n","protected":false},"excerpt":{"rendered":"<p>Qui sont les auteurs du site\u00a0? Elle, Claudine Levie, est une arch\u00e9ologue et historienne de l\u2019art, elle a prospect\u00e9, fouill\u00e9, dirig\u00e9 un service \u00e9ducatif et exerc\u00e9 diverses fonctions dirigeantes dans un grand mus\u00e9e, elle s\u2019 occupe du contenu. Lui, Philippe Deltour, est un juriste de formation qui est tomb\u00e9 un jour dans l\u2019informatique et les [&hellip;]<\/p>\n","protected":false},"author":1,"featured_media":0,"parent":0,"menu_order":0,"comment_status":"closed","ping_status":"closed","template":"contact.php","meta":{"footnotes":""},"class_list":["post-8","page","type-page","status-publish","hentry"],"_links":{"self":[{"href":"https:\/\/corse-romane.eu\/corse-romane-preview2018\/wp-json\/wp\/v2\/pages\/8","targetHints":{"allow":["GET"]}}],"collection":[{"href":"https:\/\/corse-romane.eu\/corse-romane-preview2018\/wp-json\/wp\/v2\/pages"}],"about":[{"href":"https:\/\/corse-romane.eu\/corse-romane-preview2018\/wp-json\/wp\/v2\/types\/page"}],"author":[{"embeddable":true,"href":"https:\/\/corse-romane.eu\/corse-romane-preview2018\/wp-json\/wp\/v2\/users\/1"}],"replies":[{"embeddable":true,"href":"https:\/\/corse-romane.eu\/corse-romane-preview2018\/wp-json\/wp\/v2\/comments?post=8"}],"version-history":[{"count":5,"href":"https:\/\/corse-romane.eu\/corse-romane-preview2018\/wp-json\/wp\/v2\/pages\/8\/revisions"}],"predecessor-version":[{"id":10269,"href":"https:\/\/corse-romane.eu\/corse-romane-preview2018\/wp-json\/wp\/v2\/pages\/8\/revisions\/10269"}],"wp:attachment":[{"href":"https:\/\/corse-romane.eu\/corse-romane-preview2018\/wp-json\/wp\/v2\/media?parent=8"}],"curies":[{"name":"wp","href":"https:\/\/api.w.org\/{rel}","templated":true}]}}